{"id":25095,"date":"2017-04-06T15:10:43","date_gmt":"2017-04-06T15:10:43","guid":{"rendered":"http:\/\/softec2.softec.com.py\/?page_id=25095"},"modified":"2025-07-14T08:25:43","modified_gmt":"2025-07-14T12:25:43","slug":"empleos","status":"publish","type":"page","link":"https:\/\/softec.com.py\/en\/empleos\/","title":{"rendered":"S\u00e9 parte del Equipo Softec"},"content":{"rendered":"<div class=\"wpb-content-wrapper\"><div id=\"vc_row-69f777a658927\" class=\"vc_row wpb_row vc_row-fluid thegem-custom-69f777a65888d1661\"><div class=\"wpb_column vc_column_container vc_col-sm-12 thegem-custom-69f777a6591352359\" ><div class=\"vc_column-inner thegem-custom-inner-69f777a65913a\"><div class=\"wpb_wrapper thegem-custom-69f777a6591352359\">\n\t<div class=\"wpb_raw_code wpb_raw_html wpb_content_element\" >\n\t\t<div class=\"wpb_wrapper\">\n\t\t\t<iframe style=\"border: none;\" src=\"https:\/\/empleos.softec.com.py\" width=\"100%\" height=\"1700px\" frameborder=\"0\" scrolling=\"no\" allowfullscreen=\"allowfullscreen\"><\/iframe>\n\t\t<\/div>\n\t<\/div>\n<\/div><\/div><\/div><\/div>\n<\/div>","protected":false},"excerpt":{"rendered":"","protected":false},"author":1,"featured_media":0,"parent":0,"menu_order":0,"comment_status":"closed","ping_status":"closed","template":"","meta":{"footnotes":""},"class_list":["post-25095","page","type-page","status-publish"],"yoast_head":"<!-- This site is optimized with the Yoast SEO plugin v26.1.1 - https:\/\/yoast.com\/wordpress\/plugins\/seo\/ -->\n<title>S\u00e9 parte del Equipo Softec - Tecnolog\u00eda con visi\u00f3n de negocio<\/title>\n<meta name=\"robots\" content=\"index, follow, max-snippet:-1, max-image-preview:large, max-video-preview:-1\" \/>\n<link rel=\"canonical\" href=\"https:\/\/softec.com.py\/en\/empleos\/\" \/>\n<meta property=\"og:locale\" content=\"en_US\" \/>\n<meta property=\"og:type\" content=\"article\" \/>\n<meta property=\"og:title\" content=\"S\u00e9 parte del Equipo Softec - Tecnolog\u00eda con visi\u00f3n de negocio\" \/>\n<meta property=\"og:url\" content=\"https:\/\/softec.com.py\/en\/empleos\/\" \/>\n<meta property=\"og:site_name\" content=\"Tecnolog\u00eda con visi\u00f3n de negocio\" \/>\n<meta property=\"article:publisher\" content=\"https:\/\/www.facebook.com\/SoftecPY\" \/>\n<meta property=\"article:modified_time\" content=\"2025-07-14T12:25:43+00:00\" \/>\n<meta name=\"twitter:card\" content=\"summary_large_image\" \/>\n<script type=\"application\/ld+json\" class=\"yoast-schema-graph\">{\"@context\":\"https:\/\/schema.org\",\"@graph\":[{\"@type\":\"WebPage\",\"@id\":\"https:\/\/softec.com.py\/empleos\/\",\"url\":\"https:\/\/softec.com.py\/empleos\/\",\"name\":\"S\u00e9 parte del Equipo Softec - Tecnolog\u00eda con visi\u00f3n de negocio\",\"isPartOf\":{\"@id\":\"https:\/\/softec.com.py\/#website\"},\"datePublished\":\"2017-04-06T15:10:43+00:00\",\"dateModified\":\"2025-07-14T12:25:43+00:00\",\"breadcrumb\":{\"@id\":\"https:\/\/softec.com.py\/empleos\/#breadcrumb\"},\"inLanguage\":\"en-US\",\"potentialAction\":[{\"@type\":\"ReadAction\",\"target\":[\"https:\/\/softec.com.py\/empleos\/\"]}]},{\"@type\":\"BreadcrumbList\",\"@id\":\"https:\/\/softec.com.py\/empleos\/#breadcrumb\",\"itemListElement\":[{\"@type\":\"ListItem\",\"position\":1,\"name\":\"Portada\",\"item\":\"https:\/\/softec.com.py\/\"},{\"@type\":\"ListItem\",\"position\":2,\"name\":\"Equipo\"}]},{\"@type\":\"WebSite\",\"@id\":\"https:\/\/softec.com.py\/#website\",\"url\":\"https:\/\/softec.com.py\/\",\"name\":\"Softec S.R.L. | Sistemas y tecnolog\u00eda con visi\u00f3n de negocio\",\"description\":\"Transformamos negocios con tecnolog\u00eda.\",\"publisher\":{\"@id\":\"https:\/\/softec.com.py\/#organization\"},\"potentialAction\":[{\"@type\":\"SearchAction\",\"target\":{\"@type\":\"EntryPoint\",\"urlTemplate\":\"https:\/\/softec.com.py\/?s={search_term_string}\"},\"query-input\":{\"@type\":\"PropertyValueSpecification\",\"valueRequired\":true,\"valueName\":\"search_term_string\"}}],\"inLanguage\":\"en-US\"},{\"@type\":\"Organization\",\"@id\":\"https:\/\/softec.com.py\/#organization\",\"name\":\"Softec S.R.L. | Transformamos Negocios con Tecnolog\u00eda\",\"url\":\"https:\/\/softec.com.py\/\",\"logo\":{\"@type\":\"ImageObject\",\"inLanguage\":\"en-US\",\"@id\":\"https:\/\/softec.com.py\/#\/schema\/logo\/image\/\",\"url\":\"https:\/\/softec.com.py\/wp-content\/uploads\/2025\/10\/logo-bse-blanca.png\",\"contentUrl\":\"https:\/\/softec.com.py\/wp-content\/uploads\/2025\/10\/logo-bse-blanca.png\",\"width\":621,\"height\":595,\"caption\":\"Softec S.R.L. | Transformamos Negocios con Tecnolog\u00eda\"},\"image\":{\"@id\":\"https:\/\/softec.com.py\/#\/schema\/logo\/image\/\"},\"sameAs\":[\"https:\/\/www.facebook.com\/SoftecPY\",\"https:\/\/www.linkedin.com\/company\/softec-py\",\"https:\/\/www.instagram.com\/softec_global\/\",\"https:\/\/www.youtube.com\/@softec_global\"]}]}<\/script>\n<!-- \/ Yoast SEO plugin. -->","yoast_head_json":{"title":"S\u00e9 parte del Equipo Softec - Tecnolog\u00eda con visi\u00f3n de negocio","robots":{"index":"index","follow":"follow","max-snippet":"max-snippet:-1","max-image-preview":"max-image-preview:large","max-video-preview":"max-video-preview:-1"},"canonical":"https:\/\/softec.com.py\/en\/empleos\/","og_locale":"en_US","og_type":"article","og_title":"S\u00e9 parte del Equipo Softec - Tecnolog\u00eda con visi\u00f3n de negocio","og_url":"https:\/\/softec.com.py\/en\/empleos\/","og_site_name":"Tecnolog\u00eda con visi\u00f3n de negocio","article_publisher":"https:\/\/www.facebook.com\/SoftecPY","article_modified_time":"2025-07-14T12:25:43+00:00","twitter_card":"summary_large_image","schema":{"@context":"https:\/\/schema.org","@graph":[{"@type":"WebPage","@id":"https:\/\/softec.com.py\/empleos\/","url":"https:\/\/softec.com.py\/empleos\/","name":"S\u00e9 parte del Equipo Softec - Tecnolog\u00eda con visi\u00f3n de negocio","isPartOf":{"@id":"https:\/\/softec.com.py\/#website"},"datePublished":"2017-04-06T15:10:43+00:00","dateModified":"2025-07-14T12:25:43+00:00","breadcrumb":{"@id":"https:\/\/softec.com.py\/empleos\/#breadcrumb"},"inLanguage":"en-US","potentialAction":[{"@type":"ReadAction","target":["https:\/\/softec.com.py\/empleos\/"]}]},{"@type":"BreadcrumbList","@id":"https:\/\/softec.com.py\/empleos\/#breadcrumb","itemListElement":[{"@type":"ListItem","position":1,"name":"Portada","item":"https:\/\/softec.com.py\/"},{"@type":"ListItem","position":2,"name":"Equipo"}]},{"@type":"WebSite","@id":"https:\/\/softec.com.py\/#website","url":"https:\/\/softec.com.py\/","name":"Softec S.R.L. | Sistemas y tecnolog\u00eda con visi\u00f3n de negocio","description":"Transformamos negocios con tecnolog\u00eda.","publisher":{"@id":"https:\/\/softec.com.py\/#organization"},"potentialAction":[{"@type":"SearchAction","target":{"@type":"EntryPoint","urlTemplate":"https:\/\/softec.com.py\/?s={search_term_string}"},"query-input":{"@type":"PropertyValueSpecification","valueRequired":true,"valueName":"search_term_string"}}],"inLanguage":"en-US"},{"@type":"Organization","@id":"https:\/\/softec.com.py\/#organization","name":"Softec S.R.L. | Transformamos Negocios con Tecnolog\u00eda","url":"https:\/\/softec.com.py\/","logo":{"@type":"ImageObject","inLanguage":"en-US","@id":"https:\/\/softec.com.py\/#\/schema\/logo\/image\/","url":"https:\/\/softec.com.py\/wp-content\/uploads\/2025\/10\/logo-bse-blanca.png","contentUrl":"https:\/\/softec.com.py\/wp-content\/uploads\/2025\/10\/logo-bse-blanca.png","width":621,"height":595,"caption":"Softec S.R.L. | Transformamos Negocios con Tecnolog\u00eda"},"image":{"@id":"https:\/\/softec.com.py\/#\/schema\/logo\/image\/"},"sameAs":["https:\/\/www.facebook.com\/SoftecPY","https:\/\/www.linkedin.com\/company\/softec-py","https:\/\/www.instagram.com\/softec_global\/","https:\/\/www.youtube.com\/@softec_global"]}]}},"_links":{"self":[{"href":"https:\/\/softec.com.py\/en\/wp-json\/wp\/v2\/pages\/25095","targetHints":{"allow":["GET"]}}],"collection":[{"href":"https:\/\/softec.com.py\/en\/wp-json\/wp\/v2\/pages"}],"about":[{"href":"https:\/\/softec.com.py\/en\/wp-json\/wp\/v2\/types\/page"}],"author":[{"embeddable":true,"href":"https:\/\/softec.com.py\/en\/wp-json\/wp\/v2\/users\/1"}],"replies":[{"embeddable":true,"href":"https:\/\/softec.com.py\/en\/wp-json\/wp\/v2\/comments?post=25095"}],"version-history":[{"count":10,"href":"https:\/\/softec.com.py\/en\/wp-json\/wp\/v2\/pages\/25095\/revisions"}],"predecessor-version":[{"id":26501,"href":"https:\/\/softec.com.py\/en\/wp-json\/wp\/v2\/pages\/25095\/revisions\/26501"}],"wp:attachment":[{"href":"https:\/\/softec.com.py\/en\/wp-json\/wp\/v2\/media?parent=25095"}],"curies":[{"name":"wp","href":"https:\/\/api.w.org\/{rel}","templated":true}]}}